{"id":11893,"date":"2026-01-16T11:15:14","date_gmt":"2026-01-16T10:15:14","guid":{"rendered":"https:\/\/www.shs-capital.eu\/?page_id=11893"},"modified":"2026-03-11T11:22:31","modified_gmt":"2026-03-11T10:22:31","slug":"e-mail-bestaetigt","status":"publish","type":"page","link":"https:\/\/www.shs-capital.eu\/de\/e-mail-bestaetigt\/","title":{"rendered":"E-Mail best\u00e4tigt"},"content":{"rendered":"\n<div style=\"height:100px\" aria-hidden=\"true\" class=\"wp-block-spacer\"><\/div>\n\n\n\n<p class=\"mx-auto max-w-screen-xl gap-8 md:gap-0 is-style-large\" style=\"font-size:36px\">Vielen Dank. Ihre E-Mail-Adresse wurde best\u00e4tigt.<\/p>\n\n\n\n<p class=\"mx-auto max-w-screen-xl\">Ihre E-Mail-Adresse wurde <strong>best\u00e4tigt<\/strong> und wir haben Ihre Kontaktanfrage erhalten. Wir melden uns so bald wie m\u00f6glich bei Ihnen zur\u00fcck.<\/p>\n\n\n\n<div style=\"height:300px\" aria-hidden=\"true\" class=\"wp-block-spacer\"><\/div>\n","protected":false},"excerpt":{"rendered":"<p>Vielen Dank. Ihre E-Mail-Adresse wurde best\u00e4tigt. Ihre E-Mail-Adresse wurde best\u00e4tigt und wir haben Ihre Kontaktanfrage erhalten. Wir melden uns so bald wie m\u00f6glich bei Ihnen zur\u00fcck.<\/p>\n","protected":false},"author":2,"featured_media":0,"parent":0,"menu_order":0,"comment_status":"closed","ping_status":"closed","template":"","meta":{"_acf_changed":false,"footnotes":""},"class_list":["post-11893","page","type-page","status-publish","hentry"],"acf":[],"_links":{"self":[{"href":"https:\/\/www.shs-capital.eu\/de\/wp-json\/wp\/v2\/pages\/11893","targetHints":{"allow":["GET"]}}],"collection":[{"href":"https:\/\/www.shs-capital.eu\/de\/wp-json\/wp\/v2\/pages"}],"about":[{"href":"https:\/\/www.shs-capital.eu\/de\/wp-json\/wp\/v2\/types\/page"}],"author":[{"embeddable":true,"href":"https:\/\/www.shs-capital.eu\/de\/wp-json\/wp\/v2\/users\/2"}],"replies":[{"embeddable":true,"href":"https:\/\/www.shs-capital.eu\/de\/wp-json\/wp\/v2\/comments?post=11893"}],"version-history":[{"count":0,"href":"https:\/\/www.shs-capital.eu\/de\/wp-json\/wp\/v2\/pages\/11893\/revisions"}],"wp:attachment":[{"href":"https:\/\/www.shs-capital.eu\/de\/wp-json\/wp\/v2\/media?parent=11893"}],"curies":[{"name":"wp","href":"https:\/\/api.w.org\/{rel}","templated":true}]}}