{"id":11897,"date":"2026-01-19T14:10:45","date_gmt":"2026-01-19T13:10:45","guid":{"rendered":"https:\/\/www.shs-capital.eu\/?page_id=11897"},"modified":"2026-03-11T11:22:31","modified_gmt":"2026-03-11T10:22:31","slug":"e-mail-bestaetigen","status":"publish","type":"page","link":"https:\/\/www.shs-capital.eu\/de\/e-mail-bestaetigen\/","title":{"rendered":"E-Mail best\u00e4tigen"},"content":{"rendered":"\n<div style=\"height:100px\" aria-hidden=\"true\" class=\"wp-block-spacer\"><\/div>\n\n\n\n<p class=\"mx-auto max-w-screen-xl gap-8 md:gap-0 is-style-large\" style=\"font-size:36px\">Bitte best\u00e4tigen Sie Ihre E-Mail-Adresse<\/p>\n\n\n\n<p class=\"mx-auto max-w-screen-xl\">Um sicherzustellen, dass die eingegebene E-Mail-Adresse korrekt ist und tats\u00e4chlich Ihnen geh\u00f6rt, bitten wir Sie um eine kurze Best\u00e4tigung. Bitte klicken Sie dazu auf den Link, den wir Ihnen an die E-Mail-Adresse geschickt haben, die Sie im Formular angegeben haben.<\/p>\n\n\n\n<p class=\"mx-auto max-w-screen-xl\">Erst nach dieser Best\u00e4tigung wird Ihre Anfrage weiterverarbeitet.<\/p>\n\n\n\n<p class=\"mx-auto max-w-screen-xl\">Mit freundlichen Gr\u00fc\u00dfen<br>Ihr Team von SHS<\/p>\n\n\n\n<div style=\"height:300px\" aria-hidden=\"true\" class=\"wp-block-spacer\"><\/div>\n","protected":false},"excerpt":{"rendered":"<p>Bitte best\u00e4tigen Sie Ihre E-Mail-Adresse Um sicherzustellen, dass die eingegebene E-Mail-Adresse korrekt ist und tats\u00e4chlich Ihnen geh\u00f6rt, bitten wir Sie um eine kurze Best\u00e4tigung. Bitte klicken Sie dazu auf den Link, den wir Ihnen an die E-Mail-Adresse geschickt haben, die Sie im Formular angegeben haben. Erst nach dieser Best\u00e4tigung wird Ihre Anfrage weiterverarbeitet. Mit freundlichen [&hellip;]<\/p>\n","protected":false},"author":2,"featured_media":0,"parent":0,"menu_order":0,"comment_status":"closed","ping_status":"closed","template":"","meta":{"_acf_changed":false,"footnotes":""},"class_list":["post-11897","page","type-page","status-publish","hentry"],"acf":[],"_links":{"self":[{"href":"https:\/\/www.shs-capital.eu\/de\/wp-json\/wp\/v2\/pages\/11897","targetHints":{"allow":["GET"]}}],"collection":[{"href":"https:\/\/www.shs-capital.eu\/de\/wp-json\/wp\/v2\/pages"}],"about":[{"href":"https:\/\/www.shs-capital.eu\/de\/wp-json\/wp\/v2\/types\/page"}],"author":[{"embeddable":true,"href":"https:\/\/www.shs-capital.eu\/de\/wp-json\/wp\/v2\/users\/2"}],"replies":[{"embeddable":true,"href":"https:\/\/www.shs-capital.eu\/de\/wp-json\/wp\/v2\/comments?post=11897"}],"version-history":[{"count":0,"href":"https:\/\/www.shs-capital.eu\/de\/wp-json\/wp\/v2\/pages\/11897\/revisions"}],"wp:attachment":[{"href":"https:\/\/www.shs-capital.eu\/de\/wp-json\/wp\/v2\/media?parent=11897"}],"curies":[{"name":"wp","href":"https:\/\/api.w.org\/{rel}","templated":true}]}}